{"id":117,"date":"2019-02-08T18:45:12","date_gmt":"2019-02-08T20:45:12","guid":{"rendered":"http:\/\/www.ruscher.com.br\/site\/?page_id=117"},"modified":"2020-07-04T11:10:06","modified_gmt":"2020-07-04T14:10:06","slug":"grafeno","status":"publish","type":"page","link":"https:\/\/www.ruscher.com.br\/site\/grafeno\/","title":{"rendered":"Grafeno"},"content":{"rendered":"\n<p>O grafeno \u00e9 um material composto de \u00e1tomos de carbono com estrutura bidimensional, simplesmente o mais fino e mais condutor material do mundo encontrado at\u00e9 hoje e \u00e9 tido como o futuro da tecnologia. <\/p>\n\n\n\n<div class=\"wp-block-image\"><figure class=\"aligncenter\"><img loading=\"lazy\" decoding=\"async\" width=\"210\" height=\"204\" src=\"http:\/\/www.ruscher.com.br\/site\/wp-content\/uploads\/2019\/09\/carbono-grafite.jpg\" alt=\"\" class=\"wp-image-162\" srcset=\"https:\/\/www.ruscher.com.br\/site\/wp-content\/uploads\/2019\/09\/carbono-grafite.jpg 210w, https:\/\/www.ruscher.com.br\/site\/wp-content\/uploads\/2019\/09\/carbono-grafite-150x146.jpg 150w\" sizes=\"auto, (max-width: 210px) 100vw, 210px\" \/><figcaption>Grafite<\/figcaption><\/figure><\/div>\n\n\n\n<p>N\u00e3o \u00e9 \u00e0 toa que o grafeno \u00e9 supervalorizado no mundo da tecnologia. Ele \u00e9, simplesmente, o material mais forte, mais leve e mais fino conhecido na atualidade. Al\u00e9m disso, \u00e9 transparente, el\u00e1stico e conta com propriedades el\u00e9tricas e \u00f3ticas. <\/p>\n\n\n\n<div class=\"wp-block-image\"><figure class=\"aligncenter\"><img loading=\"lazy\" decoding=\"async\" width=\"584\" height=\"383\" src=\"http:\/\/www.ruscher.com.br\/site\/wp-content\/uploads\/2019\/09\/dibujo20130724-building-van-der-waals-heterostructures.jpg\" alt=\"\" class=\"wp-image-173\" srcset=\"https:\/\/www.ruscher.com.br\/site\/wp-content\/uploads\/2019\/09\/dibujo20130724-building-van-der-waals-heterostructures.jpg 584w, https:\/\/www.ruscher.com.br\/site\/wp-content\/uploads\/2019\/09\/dibujo20130724-building-van-der-waals-heterostructures-300x197.jpg 300w, https:\/\/www.ruscher.com.br\/site\/wp-content\/uploads\/2019\/09\/dibujo20130724-building-van-der-waals-heterostructures-150x98.jpg 150w\" sizes=\"auto, (max-width: 584px) 100vw, 584px\" \/><figcaption> <br>Heteroestruturas de van der Waals <br><br> <br>Andr\u00e9 K. Geim, Pr\u00eamio Nobel de F\u00edsica de grafeno, nos conta na Nature sobre as heteroestruturas de van der Waals, formadas por camadas de um \u00fanico \u00e1tomo espesso incorporado um acima do outro como pe\u00e7as LEGO (as heteroestruturas convencionais s\u00e3o formadas por camadas cuja espessura \u00e9 de muitos \u00e1tomos).&nbsp;<br>Fazer as heteroestruturas de van der Waals h\u00e1 alguns anos parecia imposs\u00edvel, mas agora existem muitos grupos de pesquisa no mundo que os estudam.&nbsp;<br>Suas propriedades incomuns d\u00e3o origem a novos fen\u00f4menos f\u00edsicos que podem ter m\u00faltiplas aplica\u00e7\u00f5es.&nbsp; <\/figcaption><\/figure><\/div>\n\n\n\n<p>Empresas e cientistas apostam no composto qu\u00edmico como a revolu\u00e7\u00e3o na ind\u00fastria de eletr\u00f4nicos, projetando uma nova gera\u00e7\u00e3o de componentes e dispositivos. O fato de ser uma descoberta relativamente nova, n\u00e3o impediu que os primeiros produtos comerciais j\u00e1 estejam sendo lan\u00e7ados. <\/p>\n\n\n\n<div class=\"wp-block-image\"><figure class=\"aligncenter\"><img loading=\"lazy\" decoding=\"async\" width=\"1024\" height=\"372\" src=\"http:\/\/www.ruscher.com.br\/site\/wp-content\/uploads\/2019\/02\/logo-RuscherGraph-1024x372.jpg\" alt=\"\" class=\"wp-image-120\" srcset=\"https:\/\/www.ruscher.com.br\/site\/wp-content\/uploads\/2019\/02\/logo-RuscherGraph-1024x372.jpg 1024w, https:\/\/www.ruscher.com.br\/site\/wp-content\/uploads\/2019\/02\/logo-RuscherGraph-300x109.jpg 300w, https:\/\/www.ruscher.com.br\/site\/wp-content\/uploads\/2019\/02\/logo-RuscherGraph-768x279.jpg 768w, https:\/\/www.ruscher.com.br\/site\/wp-content\/uploads\/2019\/02\/logo-RuscherGraph-150x55.jpg 150w, https:\/\/www.ruscher.com.br\/site\/wp-content\/uploads\/2019\/02\/logo-RuscherGraph.jpg 1688w\" sizes=\"auto, (max-width: 1024px) 100vw, 1024px\" \/><\/figure><\/div>\n\n\n\n<p>A Ruscher Investimentos &amp; Participa\u00e7\u00f5es \u00e9 destinada para o ramo da alta t\u00e9cnologia, e uma das aplica\u00e7\u00f5es \u00e9 o uso de Grafeno.<br><br>O projeto GraphRuscher foi criado com intuito de arrecadar investimentos para para produ\u00e7\u00e3o de grafeno e desenvolvimento de produtos usando o material.<br><\/p>\n\n\n\n<p>O grafeno pode ser utilizado, dentre outras aplica\u00e7\u00f5es, em:<\/p>\n\n\n\n<p>\u25cf    Desintoxica\u00e7\u00e3o de \u00e1gua &#8211; Um estudo de cientistas da Rice University identificou que o \u00f3xido de grafeno tem entre suas propriedades a capacidade de remover material radioativo de \u00e1gua contaminada.<\/p>\n\n\n\n<p>\u25cf    Filtragem de \u00e1gua &#8211; Outro trabalho, agora da universidade inglesa de Manchester, mostrou que o grafeno \u00e9 imperme\u00e1vel a tudo, exceto uma coisa: \u00e1gua &#8211; o que pode ajud\u00e1-lo a filtr\u00e1-la.<\/p>\n\n\n\n<p>\u25cf    Embalagem de alimentos &#8211; Um papel anti-bact\u00e9rias para embalar alimentos foi criado na Universidade de Xangai. Feito \u00e0 base de grafeno, ele s\u00f3 \u00e9 perme\u00e1vel \u00e0 \u00e1gua e inibe o crescimento de micro-organismos.<\/p>\n\n\n\n<p>\u25cf    Fabrica\u00e7\u00e3o de preservativos &#8211; Dois projetos de preservativo feitos a partir de grafeno est\u00e3o sendo financiados pela Funda\u00e7\u00e3o Bill e Melinda Gates. A escolha do material se deve \u00e0 sua impermeabilidade.<\/p>\n\n\n\n<p>\u25cf    Transmiss\u00e3o de r\u00e1dio-frequ\u00eancias &#8211; Na universidade americana de Columbia, engenheiros usaram o grafeno para desenvolver o menor transmissor de frequ\u00eancia modulada (FM) de que se tem not\u00edcia.<\/p>\n\n\n\n<p>\u25cf    Captura de fotografias &#8211; Cientistas da Nanyang Technological University, em Singapura, usaram a sensibilidade \u00e0 luz do grafeno para criar um sensor para c\u00e2meras 10 vezes melhor que os atuais.<\/p>\n\n\n\n<p>\u25cf    Reparo de avi\u00f5es &#8211; Comp\u00f3sitos pl\u00e1sticos feitos a partir de grafeno podem ser \u00fateis para reparar danos em carros e avi\u00f5es &#8211; em fun\u00e7\u00e3o da resist\u00eancia e leveza deste material.<\/p>\n\n\n\n<p>\u25cf    Recarga de baterias &#8211; Ricarhd Kaner, pesquisador da Universidade da Calif\u00f3rnia, desenvolveu a partir do grafeno baterias para smartphones e notebooks que s\u00e3o inteiramente recarregadas em cinco e 10 segundos, respectivamente.<\/p>\n\n\n\n<p>\u25cf    Capta\u00e7\u00e3o de energia fotovoltaica &#8211; Na Universidade da Fl\u00f3rida, pesquisadores usaram o grafeno para confeccionar um painel que capta energia solar. Experi\u00eancias do tipo tamb\u00e9m alcan\u00e7aram sucesso em Oxford.<\/p>\n\n\n\n<p>\u25cf    Detec\u00e7\u00e3o de vazamentos de g\u00e1s &#8211; A capacidade de armazenar am\u00f4nia e outros gases torna o grafeno \u00fatil na detec\u00e7\u00e3o de vazamentos. A utilidade foi descoberta por pesquisadores de China e EUA em parceria.<\/p>\n\n\n\n<p>\u25cf    Extens\u00e3o da vida \u00fatil de componentes eletr\u00f4nicos &#8211; Estudo da Chalmers University of Technology, na Su\u00e9cia, revelou que aplicar uma camada de grafeno esfria e, por isso, estende a vida \u00fatil de componentes eletr\u00f4nicos.<\/p>\n\n\n\n<p>\u25cf    Transmiss\u00e3o de dados &#8211; Pesquisadores da universidade americana Georgia Tech est\u00e3o desenvolvendo uma antena de grafeno capaz de transferir um terabyte de dados em apenas um segundo.<\/p>\n\n\n\n<p>\u25cf    Armazenamento de dados &#8211; As propriedades do grafeno permitiram a cientistas da Swinburne University of Technology desenvolver um disco capaz de armazenar tr\u00eas vezes mais dados que um Blu-ray.<\/p>\n\n\n\n<p>\u25cf    Aumento da performance de chips &#8211; A IBM est\u00e1 usando grafeno e sil\u00edcio combinados para desenvolver um novo tipo de chip mais potente, que deve chegar ao mercado em breve. [21]<\/p>\n\n\n\n<p>\u25cf    LEDs de longa dura\u00e7\u00e3o &#8211; Os LEDs ser\u00e3o um dos primeiros produtos de grafeno comercialmente dispon\u00edveis. A l\u00e2mpada \u00e9 reivindicada a ter menores emiss\u00f5es de energia e custos de fabrica\u00e7\u00e3o, e uma vida \u00fatil mais longa do que as l\u00e2mpadas LED tradicionais. O d\u00edodo da l\u00e2mpada regul\u00e1vel \u00e9 revestido em grafeno, por isso conduz de forma mais eficaz.<\/p>\n\n\n\n<p><strong>A Ruscher possui \u00e1reas registradas em Arax\u00e1-MG com mais de 1,3bi m\u00b3 de grafite. Esse material foi pesquisado pelo Mackgraphe e o Laborat\u00f3rio Motta de Laf\u00f5es Geologia onde em nosso grafite foi encontrado com teor de carbono alto e com estrutura cristalina tipo Flake que conforme resultados possuem grafeno de alta qualidade.<\/strong><\/p>\n","protected":false},"excerpt":{"rendered":"<p>O grafeno \u00e9 um material composto de \u00e1tomos de carbono com estrutura bidimensional, simplesmente o mais fino e mais condutor material do mundo encontrado at\u00e9 hoje e \u00e9 tido como o futuro da tecnologia. N\u00e3o \u00e9 \u00e0 toa que o grafeno \u00e9 supervalorizado no mundo da tecnologia. Ele \u00e9, simplesmente, o material mais forte, mais&#8230;<\/p>\n","protected":false},"author":1,"featured_media":120,"parent":0,"menu_order":0,"comment_status":"closed","ping_status":"closed","template":"","meta":{"footnotes":""},"class_list":["post-117","page","type-page","status-publish","has-post-thumbnail","hentry"],"_links":{"self":[{"href":"https:\/\/www.ruscher.com.br\/site\/wp-json\/wp\/v2\/pages\/117","targetHints":{"allow":["GET"]}}],"collection":[{"href":"https:\/\/www.ruscher.com.br\/site\/wp-json\/wp\/v2\/pages"}],"about":[{"href":"https:\/\/www.ruscher.com.br\/site\/wp-json\/wp\/v2\/types\/page"}],"author":[{"embeddable":true,"href":"https:\/\/www.ruscher.com.br\/site\/wp-json\/wp\/v2\/users\/1"}],"replies":[{"embeddable":true,"href":"https:\/\/www.ruscher.com.br\/site\/wp-json\/wp\/v2\/comments?post=117"}],"version-history":[{"count":8,"href":"https:\/\/www.ruscher.com.br\/site\/wp-json\/wp\/v2\/pages\/117\/revisions"}],"predecessor-version":[{"id":323,"href":"https:\/\/www.ruscher.com.br\/site\/wp-json\/wp\/v2\/pages\/117\/revisions\/323"}],"wp:featuredmedia":[{"embeddable":true,"href":"https:\/\/www.ruscher.com.br\/site\/wp-json\/wp\/v2\/media\/120"}],"wp:attachment":[{"href":"https:\/\/www.ruscher.com.br\/site\/wp-json\/wp\/v2\/media?parent=117"}],"curies":[{"name":"wp","href":"https:\/\/api.w.org\/{rel}","templated":true}]}}