{"id":25,"date":"2017-02-07T21:22:11","date_gmt":"2017-02-07T23:22:11","guid":{"rendered":"http:\/\/www.ruscher.com.br\/site\/?page_id=25"},"modified":"2019-09-08T17:24:42","modified_gmt":"2019-09-08T20:24:42","slug":"mineracao","status":"publish","type":"page","link":"https:\/\/www.ruscher.com.br\/site\/investimentos\/mineracao\/","title":{"rendered":"Minera\u00e7\u00e3o"},"content":{"rendered":"<p>Temos oportunidades de investimentos em minera\u00e7\u00e3o, com extra\u00e7\u00e3o de min\u00e9rios ou processo inicial de pesquisa.<\/p>\n<ul>\n<li>Ferro<\/li>\n<li>Mangan\u00eas<\/li>\n<li>Feldspato<\/li>\n<li>L\u00edtio<\/li>\n<li>Ouro prim\u00e1rio e secund\u00e1rio<\/li>\n<li>Ni\u00f3bio<\/li>\n<li>Grafite (Grafeno)<\/li>\n<li>Terras Raras (17 elementos)<\/li>\n<li>dentre outros min\u00e9rios.<\/li>\n<\/ul>\n<p>\u00a0<\/p>\n\n\n<div class=\"wp-block-image\"><figure class=\"aligncenter\"><img loading=\"lazy\" decoding=\"async\" width=\"800\" height=\"489\" src=\"http:\/\/www.ruscher.com.br\/site\/wp-content\/uploads\/2019\/09\/rare-earth-metals.jpg\" alt=\"\" class=\"wp-image-223\" srcset=\"https:\/\/www.ruscher.com.br\/site\/wp-content\/uploads\/2019\/09\/rare-earth-metals.jpg 800w, https:\/\/www.ruscher.com.br\/site\/wp-content\/uploads\/2019\/09\/rare-earth-metals-300x183.jpg 300w, https:\/\/www.ruscher.com.br\/site\/wp-content\/uploads\/2019\/09\/rare-earth-metals-768x469.jpg 768w, https:\/\/www.ruscher.com.br\/site\/wp-content\/uploads\/2019\/09\/rare-earth-metals-150x92.jpg 150w\" sizes=\"auto, (max-width: 800px) 100vw, 800px\" \/><figcaption>Elementos Terras Raras<\/figcaption><\/figure><\/div>\n","protected":false},"excerpt":{"rendered":"<p>Temos oportunidades de investimentos em minera\u00e7\u00e3o, com extra\u00e7\u00e3o de min\u00e9rios ou processo inicial de pesquisa. Ferro Mangan\u00eas Feldspato L\u00edtio Ouro prim\u00e1rio e secund\u00e1rio Ni\u00f3bio Grafite (Grafeno) Terras Raras (17 elementos) dentre outros min\u00e9rios. \u00a0<\/p>\n","protected":false},"author":1,"featured_media":0,"parent":18,"menu_order":1,"comment_status":"closed","ping_status":"closed","template":"","meta":{"footnotes":""},"class_list":["post-25","page","type-page","status-publish","hentry"],"_links":{"self":[{"href":"https:\/\/www.ruscher.com.br\/site\/wp-json\/wp\/v2\/pages\/25","targetHints":{"allow":["GET"]}}],"collection":[{"href":"https:\/\/www.ruscher.com.br\/site\/wp-json\/wp\/v2\/pages"}],"about":[{"href":"https:\/\/www.ruscher.com.br\/site\/wp-json\/wp\/v2\/types\/page"}],"author":[{"embeddable":true,"href":"https:\/\/www.ruscher.com.br\/site\/wp-json\/wp\/v2\/users\/1"}],"replies":[{"embeddable":true,"href":"https:\/\/www.ruscher.com.br\/site\/wp-json\/wp\/v2\/comments?post=25"}],"version-history":[{"count":9,"href":"https:\/\/www.ruscher.com.br\/site\/wp-json\/wp\/v2\/pages\/25\/revisions"}],"predecessor-version":[{"id":317,"href":"https:\/\/www.ruscher.com.br\/site\/wp-json\/wp\/v2\/pages\/25\/revisions\/317"}],"up":[{"embeddable":true,"href":"https:\/\/www.ruscher.com.br\/site\/wp-json\/wp\/v2\/pages\/18"}],"wp:attachment":[{"href":"https:\/\/www.ruscher.com.br\/site\/wp-json\/wp\/v2\/media?parent=25"}],"curies":[{"name":"wp","href":"https:\/\/api.w.org\/{rel}","templated":true}]}}