{"id":35,"date":"2017-02-07T21:24:20","date_gmt":"2017-02-07T23:24:20","guid":{"rendered":"http:\/\/www.ruscher.com.br\/site\/?page_id=35"},"modified":"2017-02-07T22:00:32","modified_gmt":"2017-02-08T00:00:32","slug":"portos","status":"publish","type":"page","link":"https:\/\/www.ruscher.com.br\/site\/investimentos\/portos\/","title":{"rendered":"Portos"},"content":{"rendered":"<p>Uma de nossas oportunidades est\u00e1 a 85 quilo\u0302metros da capital do estado. Ocupa uma a\u0301rea de mais de 350 mil km2 e sua populac\u0327a\u0303o foi estimada no ano de 2013 pelo Instituto Brasileiro de Geografia e Estati\u0301stica, sendo, o 44o mais populoso do estado e o menos populoso de sua microrregia\u0303o. Isto traz vantagens para a instala\u00e7\u00e3o de portos nesta regi\u00e3o.<\/p>\n<p>Agende conosco uma apresenta\u00e7\u00e3o de oportunidades.<\/p>\n","protected":false},"excerpt":{"rendered":"<p>Uma de nossas oportunidades est\u00e1 a 85 quilo\u0302metros da capital do estado. Ocupa uma a\u0301rea de mais de 350 mil km2 e sua populac\u0327a\u0303o foi estimada no ano de 2013 pelo Instituto Brasileiro de Geografia e Estati\u0301stica, sendo, o 44o mais populoso do estado e o menos populoso de sua microrregia\u0303o. Isto traz vantagens para&#8230;<\/p>\n","protected":false},"author":1,"featured_media":0,"parent":18,"menu_order":6,"comment_status":"closed","ping_status":"closed","template":"","meta":{"footnotes":""},"class_list":["post-35","page","type-page","status-publish","hentry"],"_links":{"self":[{"href":"https:\/\/www.ruscher.com.br\/site\/wp-json\/wp\/v2\/pages\/35","targetHints":{"allow":["GET"]}}],"collection":[{"href":"https:\/\/www.ruscher.com.br\/site\/wp-json\/wp\/v2\/pages"}],"about":[{"href":"https:\/\/www.ruscher.com.br\/site\/wp-json\/wp\/v2\/types\/page"}],"author":[{"embeddable":true,"href":"https:\/\/www.ruscher.com.br\/site\/wp-json\/wp\/v2\/users\/1"}],"replies":[{"embeddable":true,"href":"https:\/\/www.ruscher.com.br\/site\/wp-json\/wp\/v2\/comments?post=35"}],"version-history":[{"count":3,"href":"https:\/\/www.ruscher.com.br\/site\/wp-json\/wp\/v2\/pages\/35\/revisions"}],"predecessor-version":[{"id":63,"href":"https:\/\/www.ruscher.com.br\/site\/wp-json\/wp\/v2\/pages\/35\/revisions\/63"}],"up":[{"embeddable":true,"href":"https:\/\/www.ruscher.com.br\/site\/wp-json\/wp\/v2\/pages\/18"}],"wp:attachment":[{"href":"https:\/\/www.ruscher.com.br\/site\/wp-json\/wp\/v2\/media?parent=35"}],"curies":[{"name":"wp","href":"https:\/\/api.w.org\/{rel}","templated":true}]}}