{"id":39,"date":"2017-02-07T21:24:52","date_gmt":"2017-02-07T23:24:52","guid":{"rendered":"http:\/\/www.ruscher.com.br\/site\/?page_id=39"},"modified":"2019-09-06T12:03:08","modified_gmt":"2019-09-06T15:03:08","slug":"datacenters","status":"publish","type":"page","link":"https:\/\/www.ruscher.com.br\/site\/investimentos\/datacenters\/","title":{"rendered":"Datacenters"},"content":{"rendered":"\n<p>Tecnologia, efici\u00eancia e inova\u00e7\u00e3o.<\/p>\n\n\n\n<p>Desde a concep\u00e7\u00e3o do seu projeto foi dada aten\u00e7\u00e3o especial a pilares b\u00e1sicos como: Modernidade, Sustentabilidade, Acessibilidade e Responsabilidade social.<\/p>\n\n\n\n<div class=\"wp-block-image\"><figure class=\"aligncenter\"><img loading=\"lazy\" decoding=\"async\" width=\"808\" height=\"497\" src=\"http:\/\/www.ruscher.com.br\/site\/wp-content\/uploads\/2019\/09\/sala_de_controle.jpg\" alt=\"\" class=\"wp-image-266\" srcset=\"https:\/\/www.ruscher.com.br\/site\/wp-content\/uploads\/2019\/09\/sala_de_controle.jpg 808w, https:\/\/www.ruscher.com.br\/site\/wp-content\/uploads\/2019\/09\/sala_de_controle-300x185.jpg 300w, https:\/\/www.ruscher.com.br\/site\/wp-content\/uploads\/2019\/09\/sala_de_controle-768x472.jpg 768w, https:\/\/www.ruscher.com.br\/site\/wp-content\/uploads\/2019\/09\/sala_de_controle-150x92.jpg 150w\" sizes=\"auto, (max-width: 808px) 100vw, 808px\" \/><\/figure><\/div>\n\n\n\n<p>O bem-estar dos usu\u00e1rios foi prioritariamente considerado.<\/p>\n\n\n\n<div class=\"wp-block-image\"><figure class=\"aligncenter\"><img loading=\"lazy\" decoding=\"async\" width=\"805\" height=\"491\" src=\"http:\/\/www.ruscher.com.br\/site\/wp-content\/uploads\/2019\/09\/reuniao.jpg\" alt=\"\" class=\"wp-image-265\" srcset=\"https:\/\/www.ruscher.com.br\/site\/wp-content\/uploads\/2019\/09\/reuniao.jpg 805w, https:\/\/www.ruscher.com.br\/site\/wp-content\/uploads\/2019\/09\/reuniao-300x183.jpg 300w, https:\/\/www.ruscher.com.br\/site\/wp-content\/uploads\/2019\/09\/reuniao-768x468.jpg 768w, https:\/\/www.ruscher.com.br\/site\/wp-content\/uploads\/2019\/09\/reuniao-150x91.jpg 150w\" sizes=\"auto, (max-width: 805px) 100vw, 805px\" \/><\/figure><\/div>\n\n\n\n<p>Estar\u00e3o \u00e0 sua disposi\u00e7\u00e3o as mais modernas tecnologias de solu\u00e7\u00f5es e infraestrutura instalada.<\/p>\n\n\n\n<div class=\"wp-block-image\"><figure class=\"aligncenter\"><img loading=\"lazy\" decoding=\"async\" width=\"802\" height=\"545\" src=\"http:\/\/www.ruscher.com.br\/site\/wp-content\/uploads\/2019\/09\/predio_datacenter.jpg\" alt=\"\" class=\"wp-image-263\" srcset=\"https:\/\/www.ruscher.com.br\/site\/wp-content\/uploads\/2019\/09\/predio_datacenter.jpg 802w, https:\/\/www.ruscher.com.br\/site\/wp-content\/uploads\/2019\/09\/predio_datacenter-300x204.jpg 300w, https:\/\/www.ruscher.com.br\/site\/wp-content\/uploads\/2019\/09\/predio_datacenter-768x522.jpg 768w, https:\/\/www.ruscher.com.br\/site\/wp-content\/uploads\/2019\/09\/predio_datacenter-150x102.jpg 150w\" sizes=\"auto, (max-width: 802px) 100vw, 802px\" \/><\/figure><\/div>\n\n\n\n<p>Edif\u00edcio exclusivo, dedicado inteiramente para o Datacenter e outros ambientes TI. S\u00e3o projetados para abrigar equipamentos de TI, telecomunica\u00e7\u00f5es, dados, voz e imagem, e prover os n\u00edveis de seguran\u00e7a e redund\u00e2ncia necess\u00e1rios para garantir a alta disponibilidade das opera\u00e7\u00f5es.<\/p>\n\n\n\n<div class=\"wp-block-image\"><figure class=\"aligncenter\"><img loading=\"lazy\" decoding=\"async\" width=\"804\" height=\"493\" src=\"http:\/\/www.ruscher.com.br\/site\/wp-content\/uploads\/2019\/09\/sala_segura.jpg\" alt=\"\" class=\"wp-image-267\" srcset=\"https:\/\/www.ruscher.com.br\/site\/wp-content\/uploads\/2019\/09\/sala_segura.jpg 804w, https:\/\/www.ruscher.com.br\/site\/wp-content\/uploads\/2019\/09\/sala_segura-300x184.jpg 300w, https:\/\/www.ruscher.com.br\/site\/wp-content\/uploads\/2019\/09\/sala_segura-768x471.jpg 768w, https:\/\/www.ruscher.com.br\/site\/wp-content\/uploads\/2019\/09\/sala_segura-150x92.jpg 150w\" sizes=\"auto, (max-width: 804px) 100vw, 804px\" \/><\/figure><\/div>\n\n\n\n<p>A Sala-Segura \u00e9 um ambiente estanque, testado e certificado, que protege o Datacenter contra fogo, calor, umidade, gases corrosivos, fuma\u00e7a, \u00e1gua, roubo, arrombamento, acesso indevido, sabotagem, impacto, p\u00f3, explos\u00e3o, magnetismo e armas de fogo.<\/p>\n\n\n\n<div class=\"wp-block-image\"><figure class=\"aligncenter\"><img loading=\"lazy\" decoding=\"async\" width=\"566\" height=\"228\" src=\"http:\/\/www.ruscher.com.br\/site\/wp-content\/uploads\/2019\/09\/protecao_contra.jpg\" alt=\"\" class=\"wp-image-264\" srcset=\"https:\/\/www.ruscher.com.br\/site\/wp-content\/uploads\/2019\/09\/protecao_contra.jpg 566w, https:\/\/www.ruscher.com.br\/site\/wp-content\/uploads\/2019\/09\/protecao_contra-300x121.jpg 300w, https:\/\/www.ruscher.com.br\/site\/wp-content\/uploads\/2019\/09\/protecao_contra-150x60.jpg 150w\" sizes=\"auto, (max-width: 566px) 100vw, 566px\" \/><\/figure><\/div>\n\n\n\n<p>Totalmente modular e escal\u00e1vel, pode ser montada com o Datacenter em funcionamento. \u00c9 poss\u00edvel ampli\u00e1-la ou mud\u00e1-la para outro local, conforme a necessidade do cliente, preservando o investimento realizado.<\/p>\n\n\n\n<div class=\"wp-block-image\"><figure class=\"aligncenter\"><img loading=\"lazy\" decoding=\"async\" width=\"606\" height=\"272\" src=\"http:\/\/www.ruscher.com.br\/site\/wp-content\/uploads\/2019\/09\/datacenter.jpg\" alt=\"\" class=\"wp-image-262\" srcset=\"https:\/\/www.ruscher.com.br\/site\/wp-content\/uploads\/2019\/09\/datacenter.jpg 606w, https:\/\/www.ruscher.com.br\/site\/wp-content\/uploads\/2019\/09\/datacenter-300x135.jpg 300w, https:\/\/www.ruscher.com.br\/site\/wp-content\/uploads\/2019\/09\/datacenter-150x67.jpg 150w\" sizes=\"auto, (max-width: 606px) 100vw, 606px\" \/><\/figure><\/div>\n","protected":false},"excerpt":{"rendered":"<p>Tecnologia, efici\u00eancia e inova\u00e7\u00e3o. Desde a concep\u00e7\u00e3o do seu projeto foi dada aten\u00e7\u00e3o especial a pilares b\u00e1sicos como: Modernidade, Sustentabilidade, Acessibilidade e Responsabilidade social. O bem-estar dos usu\u00e1rios foi prioritariamente considerado. Estar\u00e3o \u00e0 sua disposi\u00e7\u00e3o as mais modernas tecnologias de solu\u00e7\u00f5es e infraestrutura instalada. Edif\u00edcio exclusivo, dedicado inteiramente para o Datacenter e outros ambientes TI&#8230;.<\/p>\n","protected":false},"author":1,"featured_media":0,"parent":18,"menu_order":8,"comment_status":"closed","ping_status":"closed","template":"","meta":{"footnotes":""},"class_list":["post-39","page","type-page","status-publish","hentry"],"_links":{"self":[{"href":"https:\/\/www.ruscher.com.br\/site\/wp-json\/wp\/v2\/pages\/39","targetHints":{"allow":["GET"]}}],"collection":[{"href":"https:\/\/www.ruscher.com.br\/site\/wp-json\/wp\/v2\/pages"}],"about":[{"href":"https:\/\/www.ruscher.com.br\/site\/wp-json\/wp\/v2\/types\/page"}],"author":[{"embeddable":true,"href":"https:\/\/www.ruscher.com.br\/site\/wp-json\/wp\/v2\/users\/1"}],"replies":[{"embeddable":true,"href":"https:\/\/www.ruscher.com.br\/site\/wp-json\/wp\/v2\/comments?post=39"}],"version-history":[{"count":2,"href":"https:\/\/www.ruscher.com.br\/site\/wp-json\/wp\/v2\/pages\/39\/revisions"}],"predecessor-version":[{"id":268,"href":"https:\/\/www.ruscher.com.br\/site\/wp-json\/wp\/v2\/pages\/39\/revisions\/268"}],"up":[{"embeddable":true,"href":"https:\/\/www.ruscher.com.br\/site\/wp-json\/wp\/v2\/pages\/18"}],"wp:attachment":[{"href":"https:\/\/www.ruscher.com.br\/site\/wp-json\/wp\/v2\/media?parent=39"}],"curies":[{"name":"wp","href":"https:\/\/api.w.org\/{rel}","templated":true}]}}