{"id":41,"date":"2017-02-07T21:26:55","date_gmt":"2017-02-07T23:26:55","guid":{"rendered":"http:\/\/www.ruscher.com.br\/site\/?page_id=41"},"modified":"2019-09-06T12:22:48","modified_gmt":"2019-09-06T15:22:48","slug":"imobiliaria","status":"publish","type":"page","link":"https:\/\/www.ruscher.com.br\/site\/investimentos\/imobiliaria\/","title":{"rendered":"Imobili\u00e1ria"},"content":{"rendered":"\n<p>A Ruscher imobili\u00e1ria est\u00e1 devidamente registrada no CRECI\/DF &#8211; Conselho Regional dos Corretores de Im\u00f3veis, CRECI J 22510, atualmente, administra, tem financiamento imobili\u00e1rio com registro em diversos bancos e licen\u00e7a pelo Banco Central e trabalha com sistema de parcelamento de impostos como ITBI e outros encargos imobili\u00e1rios.<\/p>\n\n\n\n<div class=\"wp-block-image\"><figure class=\"aligncenter\"><img loading=\"lazy\" decoding=\"async\" width=\"1024\" height=\"768\" src=\"http:\/\/www.ruscher.com.br\/site\/wp-content\/uploads\/2019\/09\/economia-1024x768.jpg\" alt=\"\" class=\"wp-image-274\" srcset=\"https:\/\/www.ruscher.com.br\/site\/wp-content\/uploads\/2019\/09\/economia.jpg 1024w, https:\/\/www.ruscher.com.br\/site\/wp-content\/uploads\/2019\/09\/economia-300x225.jpg 300w, https:\/\/www.ruscher.com.br\/site\/wp-content\/uploads\/2019\/09\/economia-768x576.jpg 768w, https:\/\/www.ruscher.com.br\/site\/wp-content\/uploads\/2019\/09\/economia-150x113.jpg 150w\" sizes=\"auto, (max-width: 1024px) 100vw, 1024px\" \/><\/figure><\/div>\n\n\n\n<p>Dividimos espa\u00e7o com a Sonia Netim\u00f3veis, imobili\u00e1ria conceituada em Bras\u00edlia, especializada em alto padr\u00e3o.<\/p>\n\n\n\n<p>Fazemos parceria com todas imobili\u00e1rias, trazendo solu\u00e7\u00f5es inovadoras e seguran\u00e7a nos neg\u00f3cios.<\/p>\n\n\n\n<p>Objetivo \u00e9 atuar em grandes \u00e1reas, empreendimentos completos, shoppings onde os compradores s\u00e3o grupos de investidores e ou empresas. <\/p>\n","protected":false},"excerpt":{"rendered":"<p>A Ruscher imobili\u00e1ria est\u00e1 devidamente registrada no CRECI\/DF &#8211; Conselho Regional dos Corretores de Im\u00f3veis, CRECI J 22510, atualmente, administra, tem financiamento imobili\u00e1rio com registro em diversos bancos e licen\u00e7a pelo Banco Central e trabalha com sistema de parcelamento de impostos como ITBI e outros encargos imobili\u00e1rios. Dividimos espa\u00e7o com a Sonia Netim\u00f3veis, imobili\u00e1ria conceituada&#8230;<\/p>\n","protected":false},"author":1,"featured_media":0,"parent":18,"menu_order":9,"comment_status":"closed","ping_status":"closed","template":"","meta":{"footnotes":""},"class_list":["post-41","page","type-page","status-publish","hentry"],"_links":{"self":[{"href":"https:\/\/www.ruscher.com.br\/site\/wp-json\/wp\/v2\/pages\/41","targetHints":{"allow":["GET"]}}],"collection":[{"href":"https:\/\/www.ruscher.com.br\/site\/wp-json\/wp\/v2\/pages"}],"about":[{"href":"https:\/\/www.ruscher.com.br\/site\/wp-json\/wp\/v2\/types\/page"}],"author":[{"embeddable":true,"href":"https:\/\/www.ruscher.com.br\/site\/wp-json\/wp\/v2\/users\/1"}],"replies":[{"embeddable":true,"href":"https:\/\/www.ruscher.com.br\/site\/wp-json\/wp\/v2\/comments?post=41"}],"version-history":[{"count":4,"href":"https:\/\/www.ruscher.com.br\/site\/wp-json\/wp\/v2\/pages\/41\/revisions"}],"predecessor-version":[{"id":275,"href":"https:\/\/www.ruscher.com.br\/site\/wp-json\/wp\/v2\/pages\/41\/revisions\/275"}],"up":[{"embeddable":true,"href":"https:\/\/www.ruscher.com.br\/site\/wp-json\/wp\/v2\/pages\/18"}],"wp:attachment":[{"href":"https:\/\/www.ruscher.com.br\/site\/wp-json\/wp\/v2\/media?parent=41"}],"curies":[{"name":"wp","href":"https:\/\/api.w.org\/{rel}","templated":true}]}}