{"id":44,"date":"2017-02-07T21:28:54","date_gmt":"2017-02-07T23:28:54","guid":{"rendered":"http:\/\/www.ruscher.com.br\/site\/?page_id=44"},"modified":"2019-09-06T12:30:44","modified_gmt":"2019-09-06T15:30:44","slug":"projecoes","status":"publish","type":"page","link":"https:\/\/www.ruscher.com.br\/site\/investimentos\/projecoes\/","title":{"rendered":"Proje\u00e7\u00f5es"},"content":{"rendered":"\n<p style=\"text-align:center\">P\u00e1gina em constru\u00e7\u00e3o.<\/p>\n","protected":false},"excerpt":{"rendered":"<p>P\u00e1gina em constru\u00e7\u00e3o.<\/p>\n","protected":false},"author":1,"featured_media":0,"parent":18,"menu_order":10,"comment_status":"closed","ping_status":"closed","template":"","meta":{"footnotes":""},"class_list":["post-44","page","type-page","status-publish","hentry"],"_links":{"self":[{"href":"https:\/\/www.ruscher.com.br\/site\/wp-json\/wp\/v2\/pages\/44","targetHints":{"allow":["GET"]}}],"collection":[{"href":"https:\/\/www.ruscher.com.br\/site\/wp-json\/wp\/v2\/pages"}],"about":[{"href":"https:\/\/www.ruscher.com.br\/site\/wp-json\/wp\/v2\/types\/page"}],"author":[{"embeddable":true,"href":"https:\/\/www.ruscher.com.br\/site\/wp-json\/wp\/v2\/users\/1"}],"replies":[{"embeddable":true,"href":"https:\/\/www.ruscher.com.br\/site\/wp-json\/wp\/v2\/comments?post=44"}],"version-history":[{"count":2,"href":"https:\/\/www.ruscher.com.br\/site\/wp-json\/wp\/v2\/pages\/44\/revisions"}],"predecessor-version":[{"id":278,"href":"https:\/\/www.ruscher.com.br\/site\/wp-json\/wp\/v2\/pages\/44\/revisions\/278"}],"up":[{"embeddable":true,"href":"https:\/\/www.ruscher.com.br\/site\/wp-json\/wp\/v2\/pages\/18"}],"wp:attachment":[{"href":"https:\/\/www.ruscher.com.br\/site\/wp-json\/wp\/v2\/media?parent=44"}],"curies":[{"name":"wp","href":"https:\/\/api.w.org\/{rel}","templated":true}]}}